{"id":13,"date":"2021-05-21T06:07:34","date_gmt":"2021-05-21T10:07:34","guid":{"rendered":"https:\/\/rwiseman.com\/dev\/?page_id=13"},"modified":"2025-03-13T18:56:00","modified_gmt":"2025-03-13T22:56:00","slug":"home","status":"publish","type":"page","link":"https:\/\/justinleach.ca\/fr\/","title":{"rendered":"Home"},"content":{"rendered":"<div class=\"wpb-content-wrapper\"><p>[vc_row full_width=\u00a0\u00bbstretch_row_content\u00a0\u00bb][vc_column][vc_single_image image=\u00a0\u00bb403&Prime; img_size=\u00a0\u00bbfull\u00a0\u00bb alignment=\u00a0\u00bbcenter\u00a0\u00bb][\/vc_column][\/vc_row][vc_row content_placement=\u00a0\u00bbmiddle\u00a0\u00bb el_class=\u00a0\u00bbsocial-contact\u00a0\u00bb][vc_column width=\u00a0\u00bb1\/2&Prime;][vc_column_text css=\u00a0\u00bb.vc_custom_1624022359916{margin-bottom: 0px !important;}\u00a0\u00bb]<span style=\"color: #e2e2e2;\">Me joindre sur les r\u00e9seaux sociaux :<\/span>[\/vc_column_text][\/vc_column][vc_column width=\u00a0\u00bb1\/2&Prime; el_id=\u00a0\u00bbsocial-section\u00a0\u00bb css=\u00a0\u00bb.vc_custom_1621596536140{padding-top: 15px !important;}\u00a0\u00bb][vc_icon icon_fontawesome=\u00a0\u00bbfab fa-facebook-square\u00a0\u00bb color=\u00a0\u00bbcustom\u00a0\u00bb size=\u00a0\u00bblg\u00a0\u00bb css=\u00a0\u00bb.vc_custom_1637930206931{margin-bottom: 0px !important;}\u00a0\u00bb custom_color=\u00a0\u00bb#e2e2e2&Prime; link=\u00a0\u00bburl:https%3A%2F%2Fwww.facebook.com%2FJustinLeachMontreal|target:_blank|rel:nofollow\u00a0\u00bb el_id=\u00a0\u00bbrw-social-icon\u00a0\u00bb][vc_icon icon_fontawesome=\u00a0\u00bbfab fa-linkedin\u00a0\u00bb color=\u00a0\u00bbcustom\u00a0\u00bb size=\u00a0\u00bblg\u00a0\u00bb css=\u00a0\u00bb.vc_custom_1623848857752{margin-bottom: 0px !important;}\u00a0\u00bb custom_color=\u00a0\u00bb#e2e2e2&Prime; link=\u00a0\u00bburl:%23|target:_blank|rel:nofollow\u00a0\u00bb el_id=\u00a0\u00bbrw-social-icon\u00a0\u00bb][vc_icon icon_fontawesome=\u00a0\u00bbfab fa-instagram\u00a0\u00bb color=\u00a0\u00bbcustom\u00a0\u00bb size=\u00a0\u00bblg\u00a0\u00bb css=\u00a0\u00bb.vc_custom_1623848866174{margin-bottom: 0px !important;}\u00a0\u00bb custom_color=\u00a0\u00bb#e2e2e2&Prime; link=\u00a0\u00bburl:https%3A%2F%2Fwww.instagram.com%2Fjustinleach_realtor%2F|target:_blank|rel:nofollow\u00a0\u00bb el_id=\u00a0\u00bbrw-social-icon\u00a0\u00bb][vc_icon icon_fontawesome=\u00a0\u00bbfab fa-google\u00a0\u00bb color=\u00a0\u00bbcustom\u00a0\u00bb size=\u00a0\u00bblg\u00a0\u00bb css=\u00a0\u00bb.vc_custom_1623848873655{margin-bottom: 0px !important;}\u00a0\u00bb custom_color=\u00a0\u00bb#e2e2e2&Prime; link=\u00a0\u00bburl:https%3A%2F%2Fgoo.gl%2Fmaps%2FQuAGgNcQUgfhfba57|target:_blank|rel:nofollow\u00a0\u00bb el_id=\u00a0\u00bbrw-social-icon\u00a0\u00bb][\/vc_column][\/vc_row][vc_row css=\u00a0\u00bb.vc_custom_1623851322588{margin-top: 3em !important;}\u00a0\u00bb el_id=\u00a0\u00bbcontact\u00a0\u00bb][vc_column width=\u00a0\u00bb1\/2&Prime; css=\u00a0\u00bb.vc_custom_1621597442002{margin-bottom: 0px !important;}\u00a0\u00bb][vc_custom_heading text=\u00a0\u00bbJustin Leach\u00a0\u00bb font_container=\u00a0\u00bbtag:h2|font_size:2.6em|text_align:left|color:%23e2e2e2&Prime; use_theme_fonts=\u00a0\u00bbyes\u00a0\u00bb css=\u00a0\u00bb.vc_custom_1623683892308{margin-bottom: 5px !important;}\u00a0\u00bb el_id=\u00a0\u00bbf600&Prime;][vc_custom_heading text=\u00a0\u00bbCourtier immobilier\u00a0\u00bb font_container=\u00a0\u00bbtag:h4|font_size:18px|text_align:left|color:%23cccccc\u00a0\u00bb use_theme_fonts=\u00a0\u00bbyes\u00a0\u00bb el_id=\u00a0\u00bbf500&Prime;][vc_row_inner content_placement=\u00a0\u00bbmiddle\u00a0\u00bb css=\u00a0\u00bb.vc_custom_1621597503250{margin-bottom: 0px !important;}\u00a0\u00bb][vc_column_inner][vc_raw_html css=\u00a0\u00bb\u00a0\u00bb]JTNDZGl2JTIwY2xhc3MlM0QlMjJjb250YWN0LXdyYXBwZXIlMjIlMjBpZCUzRCUyMmNvbnRhY3Qtd3JhcHBlciUyMiUzRSUwQSUyMCUyMCUyMCUyMCUzQ3VsJTIwY2xhc3MlM0QlMjJjb250YWN0LWRldGFpbHMlMjIlM0UlMEElMjAlMjAlMjAlMjAlMjAlMjAlMjAlM0NsaSUzRSUwQSUyMCUyMCUyMCUyMCUyMCUyMCUyMCUyMCUyMCUyMCUyMCUzQ2ElMjBzdHlsZSUzRCUyMmNvbG9yJTNBJTIwJTIzZmZmJTNCJTIyJTIwaHJlZiUzRCUyMnRlbCUzQTUxNDU4ODE3NjUlMjIlMjB0YXJnZXQlM0QlMjJfYmxhbmslMjIlM0UlMEElMjAlMjAlMjAlMjAlMjAlMjAlMjAlMjAlMjAlMjAlMjAlMjAlMjAlMjAlMjAlM0NpJTIwY2xhc3MlM0QlMjJmYXMlMjBmYS1waG9uZS1hbHQlMjIlMjBhcmlhLWhpZGRlbiUzRCUyMnRydWUlMjIlM0UlM0MlMkZpJTNFJTBBJTIwJTIwJTIwJTIwJTIwJTIwJTIwJTIwJTIwJTIwJTIwJTIwJTIwJTIwJTIwJTI4NTE0JTI5JTIwNTg4LTE3NjUlMEElMjAlMjAlMjAlMjAlMjAlMjAlMjAlMjAlMjAlMjAlMjAlMjAlM0MlMkZhJTNFJTBBJTIwJTIwJTIwJTIwJTIwJTIwJTIwJTIwJTNDJTJGbGklM0UlMEElMjAlMjAlMjAlMjAlMjAlMjAlMjAlM0NsaSUzRSUwQSUyMCUyMCUyMCUyMCUyMCUyMCUyMCUyMCUyMCUyMCUyMCUzQ2ElMjBzdHlsZSUzRCUyMmNvbG9yJTNBJTIwJTIzZmZmJTNCJTIyJTIwaHJlZiUzRCUyMnRlbCUzQTUxNDQyNjQ1NDUlMjIlMjB0YXJnZXQlM0QlMjJfYmxhbmslMjIlM0UlMEElMjAlMjAlMjAlMjAlMjAlMjAlMjAlMjAlMjAlMjAlMjAlMjAlMjAlMjAlMjAlM0NpJTIwY2xhc3MlM0QlMjJmYXMlMjBmYS1waG9uZS1hbHQlMjIlMjBhcmlhLWhpZGRlbiUzRCUyMnRydWUlMjIlM0UlM0MlMkZpJTNFJTBBJTIwJTIwJTIwJTIwJTIwJTIwJTIwJTIwJTIwJTIwJTIwJTIwJTIwJTIwJTIwJTI4NTE0JTI5JTIwNDI2LTQ1NDUlMEElMjAlMjAlMjAlMjAlMjAlMjAlMjAlMjAlMjAlMjAlMjAlMjAlM0MlMkZhJTNFJTBBJTIwJTIwJTIwJTIwJTIwJTIwJTIwJTIwJTNDJTJGbGklM0UlMEElMEElMjAlMjAlMjAlMjAlMjAlMjAlMjAlM0NsaSUzRSUwQSUyMCUyMCUyMCUyMCUyMCUyMCUyMCUyMCUyMCUyMCUyMCUzQ2ElMjBzdHlsZSUzRCUyMmNvbG9yJTNBJTIwJTIzZmZmJTNCJTIyJTIwaHJlZiUzRCUyMm1haWx0byUzQWp1c3RpbiU0MGp1c3RpbmxlYWNoLmNhJTIyJTIwdGFyZ2V0JTNEJTIyX2JsYW5rJTIyJTNFJTBBJTIwJTIwJTIwJTIwJTIwJTIwJTIwJTIwJTIwJTIwJTIwJTIwJTIwJTIwJTIwJTNDaSUyMGNsYXNzJTNEJTIyZmElMjBmYS1lbnZlbG9wZSUyMiUyMGFyaWEtaGlkZGVuJTNEJTIydHJ1ZSUyMiUzRSUzQyUyRmklM0UlMjAlMjAlMjAlMjAlMjBqdXN0aW4lNDBqdXN0aW5sZWFjaC5jYSUwQSUyMCUyMCUyMCUyMCUyMCUyMCUyMCUyMCUyMCUyMCUyMCUyMCUzQyUyRmElM0UlMEElMjAlMjAlMjAlMjAlMjAlMjAlMjAlMjAlM0MlMkZsaSUzRSUwQSUyMCUyMCUyMCUyMCUyMCUyMCUyMCUzQ2xpJTNFJTBBJTIwJTIwJTIwJTIwJTIwJTIwJTIwJTIwJTIwJTIwJTIwJTNDYSUyMHN0eWxlJTNEJTIyY29sb3IlM0ElMjAlMjNmZmYlM0IlMjIlMjBocmVmJTNEJTIyJTJGJTIyJTNFJTBBJTIwJTIwJTIwJTIwJTIwJTIwJTIwJTIwJTIwJTIwJTIwJTIwJTIwJTIwJTIwJTNDaSUyMGNsYXNzJTNEJTIyZmElMjBmYS1saW5rJTIyJTIwYXJpYS1oaWRkZW4lM0QlMjJ0cnVlJTIyJTNFJTNDJTJGaSUzRSUwQSUyMCUyMCUyMCUyMCUyMCUyMCUyMCUyMCUyMCUyMCUyMCUyMCUyMCUyMCUyMHd3dy5qdXN0aW5sZWFjaC5jYSUwQSUyMCUyMCUyMCUyMCUyMCUyMCUyMCUyMCUyMCUyMCUyMCUyMCUzQyUyRmElM0UlMEElMjAlMjAlMjAlMjAlMjAlMjAlMjAlMjAlM0MlMkZsaSUzRSUwQSUyMCUyMCUyMCUyMCUyMCUyMCUyMCUzQ2xpJTNFJTBBJTIwJTIwJTIwJTIwJTIwJTIwJTIwJTIwJTIwJTIwJTIwJTNDYSUyMHN0eWxlJTNEJTIyY29sb3IlM0ElMjAlMjNmZmYlM0IlMjIlMjBocmVmJTNEJTIyaHR0cHMlM0ElMkYlMkZ3d3cuc3V0dG9ucXVlYmVjLmNvbSUyRmVuJTJGcmVhbC1lc3RhdGUtYnJva2VyJTJGNTk0NDctanVzdGluLWxlYWNoLWdyb3VwZS1zdXR0b24tZGlzdGluY3Rpb24taW5jLS5odG1sJTIyJTNFJTBBJTIwJTIwJTIwJTIwJTIwJTIwJTIwJTIwJTIwJTIwJTIwJTIwJTIwJTIwJTIwJTNDaSUyMGNsYXNzJTNEJTIyZmElMjBmYS1saW5rJTIyJTIwYXJpYS1oaWRkZW4lM0QlMjJ0cnVlJTIyJTNFJTNDJTJGaSUzRSUyMCUyMCUyMCUyMCUwQSUyMCUyMCUyMCUyMCUyMCUyMCUyMCUyMCUyMCUyMCUyMCUyMCUyMCUyMCUyMFN1dHRvbiUyMFByb2ZpbGUlMEElMjAlMjAlMjAlMjAlMjAlMjAlMjAlMjAlMjAlMjAlMjAlMjAlM0MlMkZhJTNFJTBBJTIwJTIwJTIwJTIwJTIwJTIwJTIwJTIwJTNDJTJGbGklM0UlMEElMjAlMjAlMjAlMjAlMjAlMjAlMjAlM0NiciUzRSUwQSUyMCUyMCUyMCUyMCUyMCUyMCUyMCUwQSUyMCUyMCUyMCUyMCUyMCUyMCUyMCUyMCUzQ2xpJTNFJTBBJTIwJTIwJTIwJTIwJTIwJTIwJTIwJTIwJTIwJTIwJTIwJTNDcCUyMHN0eWxlJTNEJTIyZm9udC13ZWlnaHQlM0ElMjA1MDAlM0IlMjIlM0VHcm91cGUlMjBTdXR0b24lMjAtJTIwJTIwRXhwZXJ0JTNDJTJGcCUzRSUwQSUyMCUyMCUyMCUyMCUyMCUyMCUyMCUyMCUzQyUyRmxpJTNFJTBBJTIwJTIwJTIwJTIwJTIwJTIwJTIwJTBBJTIwJTIwJTIwJTIwJTIwJTIwJTIwJTIwJTNDbGklM0UlMEElMjAlMjAlMjAlMjAlMjAlMjAlMjAlMjAlMjAlMjAlMjAlMjAlM0NhJTIwJTIwJTBBJTIwJTIwJTIwJTIwJTIwJTIwJTIwJTIwJTIwJTIwJTIwJTIwJTIwJTIwJTIwJTIwc3R5bGUlM0QlMjJjb2xvciUzQSUyMCUyM2ZmZiUyMiUwQSUyMCUyMCUyMCUyMCUyMCUyMCUyMCUyMCUyMCUyMCUyMCUyMCUyMCUyMCUyMCUyMHJlbCUzRCUyMm5vZm9sbG93JTIyJTBBJTIwJTIwJTIwJTIwJTIwJTIwJTIwJTIwJTIwJTIwJTIwJTIwJTIwJTIwJTIwJTIwaHJlZiUzRCUyMmh0dHBzJTNBJTJGJTJGbWFwcy5hcHAuZ29vLmdsJTJGUkYyWWdHZ0NvaDJlS1JHUjYlMjIlMEElMjAlMjAlMjAlMjAlMjAlMjAlMjAlMjAlMjAlMjAlMjAlMjAlMjAlMjAlMjAlMjB0YXJnZXQlM0QlMjJfYmxhbmslMjIlMEElMjAlMjAlMjAlMjAlMjAlMjAlMjAlMjAlMjAlMjAlMjAlMjAlM0UlMEElMjAlMjAlMjAlMjAlMjAlMjAlMjAlMjAlMjAlMjAlMjAlMjAlMjAlMjAlMjAlMjAlM0NwJTIwc3R5bGUlM0QlMjJtYXJnaW4tYm90dG9tJTNBJTIwMC41ZW0lM0IlMjIlM0UlMEElMjAlMjAlMjAlMjAlMjAlMjAlMjAlMjAlMjAlMjAlMjAlMjAlMjAlMjAlMjAlMjAlMjAlMjAlMjAlMjAlM0NpJTIwY2xhc3MlM0QlMjJmYSUyMGZhLW1hcC1tYXJrZXIlMjIlMjBhcmlhLWhpZGRlbiUzRCUyMnRydWUlMjIlM0UlM0MlMkZpJTNFJTBBJTIwJTIwJTIwJTIwJTIwJTIwJTIwJTIwJTIwJTIwJTIwJTIwJTIwJTIwJTIwJTIwJTIwJTIwJTIwJTIwMTY5ODUlMjBUcmFucy1DYW5hZGElMjBId3klMkMlMjBLaXJrbGFuZCUyQyUyMFF1ZWJlYyUyQyUyMEg5SC01SjElMEElMjAlMjAlMjAlMjAlMjAlMjAlMjAlMjAlMjAlMjAlMjAlMjAlMjAlMjAlMjAlMjAlM0MlMkZwJTNFJTBBJTIwJTIwJTIwJTIwJTIwJTIwJTIwJTIwJTIwJTIwJTIwJTIwJTNDJTJGYSUzRSUwQSUyMCUyMCUyMCUyMCUyMCUyMCUyMCUyMCUzQyUyRmxpJTNFJTBBJTIwJTIwJTIwJTIwJTNDJTJGdWwlM0UlMEElM0MlMkZkaXYlM0U=[\/vc_raw_html][\/vc_column_inner][\/vc_row_inner][vc_row_inner][vc_column_inner width=\u00a0\u00bb1\/3&Prime;][vc_single_image image=\u00a0\u00bb301&Prime; img_size=\u00a0\u00bbfull\u00a0\u00bb][\/vc_column_inner][vc_column_inner width=\u00a0\u00bb1\/3&Prime;][\/vc_column_inner][vc_column_inner width=\u00a0\u00bb1\/3&Prime;][\/vc_column_inner][\/vc_row_inner][\/vc_column][vc_column width=\u00a0\u00bb1\/2&Prime;]\n<div class=\"wpcf7 no-js\" id=\"wpcf7-f8-o1\" lang=\"en-US\" dir=\"ltr\" data-wpcf7-id=\"8\">\n<div class=\"screen-reader-response\"><p role=\"status\" aria-live=\"polite\" aria-atomic=\"true\"><\/p> <ul><\/ul><\/div>\n<form action=\"\/fr\/wp-json\/wp\/v2\/pages\/13#wpcf7-f8-o1\" method=\"post\" class=\"wpcf7-form init\" aria-label=\"Contact form\" novalidate=\"novalidate\" data-status=\"init\">\n<fieldset class=\"hidden-fields-container\"><input type=\"hidden\" name=\"_wpcf7\" value=\"8\" \/><input type=\"hidden\" name=\"_wpcf7_version\" value=\"6.1.2\" \/><input type=\"hidden\" name=\"_wpcf7_locale\" value=\"en_US\" \/><input type=\"hidden\" name=\"_wpcf7_unit_tag\" value=\"wpcf7-f8-o1\" \/><input type=\"hidden\" name=\"_wpcf7_container_post\" value=\"0\" \/><input type=\"hidden\" name=\"_wpcf7_posted_data_hash\" value=\"\" \/><input type=\"hidden\" name=\"_wpcf7_recaptcha_response\" value=\"\" \/>\n<\/fieldset>\n<div id=\"hero-form\">\n\t<h3 class=\"form-title\">Obtenez votre \u00e9valuation de maison <span style=\"color: #cf112b; font-weight: 700;\">GRATUITE<\/span> !\n\t<\/h3>\n\t<div class=\"form-group\">\n\t\t<p><span class=\"wpcf7-form-control-wrap\" data-name=\"your-name\"><input size=\"40\" maxlength=\"400\" class=\"wpcf7-form-control wpcf7-text wpcf7-validates-as-required\" aria-required=\"true\" aria-invalid=\"false\" placeholder=\"Nom*\" value=\"\" type=\"text\" name=\"your-name\" \/><\/span>\n\t\t<\/p>\n\t<\/div>\n\t<div class=\"form-group\">\n\t\t<p><span class=\"wpcf7-form-control-wrap\" data-name=\"your-phone\"><input size=\"40\" maxlength=\"400\" class=\"wpcf7-form-control wpcf7-tel wpcf7-text wpcf7-validates-as-tel\" aria-invalid=\"false\" placeholder=\"T\u00e9l\u00e9phone\" value=\"\" type=\"tel\" name=\"your-phone\" \/><\/span>\n\t\t<\/p>\n\t<\/div>\n\t<div class=\"form-group\">\n\t\t<p><span class=\"wpcf7-form-control-wrap\" data-name=\"your-email\"><input size=\"40\" maxlength=\"400\" class=\"wpcf7-form-control wpcf7-email wpcf7-validates-as-required wpcf7-text wpcf7-validates-as-email\" aria-required=\"true\" aria-invalid=\"false\" placeholder=\"Courriel*\" value=\"\" type=\"email\" name=\"your-email\" \/><\/span>\n\t\t<\/p>\n\t<\/div>\n\t<div class=\"form-group\">\n\t\t<p><span class=\"wpcf7-form-control-wrap\" data-name=\"your-message\"><textarea cols=\"40\" rows=\"10\" maxlength=\"2000\" class=\"wpcf7-form-control wpcf7-textarea wpcf7-validates-as-required\" aria-required=\"true\" aria-invalid=\"false\" placeholder=\"Message\" name=\"your-message\"><\/textarea><\/span>\n\t\t<\/p>\n\t<\/div>\n\t<div class=\"form-group\">\n\t\t<p><input class=\"wpcf7-form-control wpcf7-submit has-spinner\" type=\"submit\" value=\"Soumettre\" \/>\n\t\t<\/p>\n\t<\/div>\n<\/div><p style=\"display: none !important;\" class=\"akismet-fields-container\" data-prefix=\"_wpcf7_ak_\"><label>&#916;<textarea name=\"_wpcf7_ak_hp_textarea\" cols=\"45\" rows=\"8\" maxlength=\"100\"><\/textarea><\/label><input type=\"hidden\" id=\"ak_js_1\" name=\"_wpcf7_ak_js\" value=\"81\"\/><script>document.getElementById( \"ak_js_1\" ).setAttribute( \"value\", ( new Date() ).getTime() );<\/script><\/p><div class=\"wpcf7-response-output\" aria-hidden=\"true\"><\/div>\n<\/form>\n<\/div>\n[\/vc_column][\/vc_row][vc_row css=\u00a0\u00bb.vc_custom_1623849504494{margin-top: 3em !important;}\u00a0\u00bb][vc_column width=\u00a0\u00bb1\/2&Prime;][vc_single_image image=\u00a0\u00bb310&Prime; img_size=\u00a0\u00bbfull\u00a0\u00bb alignment=\u00a0\u00bbcenter\u00a0\u00bb][\/vc_column][vc_column width=\u00a0\u00bb1\/2&Prime;][vc_custom_heading text=\u00a0\u00bbJustin Leach &#8211; Courtier en immobilier\u00a0\u00bb font_container=\u00a0\u00bbtag:h3|text_align:left|color:%23e2e2e2&Prime; use_theme_fonts=\u00a0\u00bbyes\u00a0\u00bb el_id=\u00a0\u00bbf600&Prime;][vc_custom_heading text=\u00a0\u00bbLE courtier immobilier qu\u2019il vous faut ! Pourquoi ?\u00a0\u00bb font_container=\u00a0\u00bbtag:h4|font_size:18px|text_align:left|color:%23ffffff\u00a0\u00bb use_theme_fonts=\u00a0\u00bbyes\u00a0\u00bb][vc_column_text el_id=\u00a0\u00bbtxt-just\u00a0\u00bb]Parce qu\u2019il a conclu la vente de plus de 65 propri\u00e9t\u00e9s r\u00e9sidentielles en moins de deux ans, Justin Leach a fait plus que ses preuves en mati\u00e8re de transactions immobili\u00e8res : il s\u2019est r\u00e9v\u00e9l\u00e9 \u00eatre un v\u00e9ritable gagnant ! De plus, il conna\u00eet bien la situation actuelle qui pr\u00e9vaut dans le march\u00e9 immobilier. Il est conscient de l\u2019ardeur constante dont il doit faire preuve pour vous soutenir dans cette course contre la montre, tout en respectant vos r\u00eaves et votre budget. Anim\u00e9 par une saine comp\u00e9tition, Justin s\u2019est taill\u00e9 une place de choix dans l\u2019\u00c9quipe nationale masculine de water-polo et s\u2019est illustr\u00e9 aux Jeux panam\u00e9ricains. Cette exp\u00e9rience lui a appris \u00e0 agir de fa\u00e7on disciplin\u00e9e et rigoureuse, toujours dans le respect de l\u2019autre.<\/p>\n<p>Justin Leach est un courtier surtout actif \u00e0 Montr\u00e9al et dans l\u2019Ouest-de-l\u2019\u00cele (West Island) en qui vous pouvez avoir confiance, que vous soyez vendeur ou acheteur. Il se charge, POUR VOUS, de cibler les inscriptions avec r\u00e9alisme, rigueur et professionnalisme. Sa d\u00e9termination permettra \u00e0 chaque \u00e9tape du processus, de faciliter votre d\u00e9marche, et cela, d\u00e8s votre premi\u00e8re rencontre. Ainsi, inutile de vous astreindre \u00e0 des recherches interminables, \u00e9puisantes et trop souvent infructueuses.[\/vc_column_text][\/vc_column][\/vc_row][vc_row css=\u00a0\u00bb.vc_custom_1623684519928{margin-top: 3em !important;margin-bottom: 3em !important;}\u00a0\u00bb el_id=\u00a0\u00bbreal-estate-broker\u00a0\u00bb][vc_column][vc_separator color=\u00a0\u00bbcustom\u00a0\u00bb accent_color=\u00a0\u00bb#333333&Prime;][\/vc_column][\/vc_row][vc_row css=\u00a0\u00bb.vc_custom_1621602617456{margin-top: 3em !important;}\u00a0\u00bb][vc_column][vc_custom_heading text=\u00a0\u00bbT\u00e9moignages, avis et recommandations\u00a0\u00bb font_container=\u00a0\u00bbtag:h2|font_size:2.6em|text_align:left|color:%23e2e2e2&Prime; use_theme_fonts=\u00a0\u00bbyes\u00a0\u00bb el_id=\u00a0\u00bbf600&Prime;][vc_tta_tabs][vc_tta_section title=\u00a0\u00bbAvis Facebook\u00a0\u00bb tab_id=\u00a0\u00bb1621602720065-5dcf34fb-c177&Prime;][vc_widget_sidebar sidebar_id=\u00a0\u00bbsidebar-1&Prime;][\/vc_tta_section][vc_tta_section title=\u00a0\u00bbT\u00e9moignages\u00a0\u00bb tab_id=\u00a0\u00bb1621602720082-4776af75-0e16&Prime;][vc_row_inner][vc_column_inner width=\u00a0\u00bb1\/2&Prime;][vc_column_text]<strong>Laisser un commentaire<\/strong>[\/vc_column_text][vc_column_text]<\/p>\n<div id=\"tss_mpsp_tslider_posts_shortcode\" class=\"postbox \">\n<div class=\"inside\">\n\r\n<script type=\"text\/javascript\">\r\n\t\r\n\t\t(function($){\r\n    $(document).ready(function() {\r\n    $('.tss_form').on('submit',function(){\r\n         \r\n        \/\/ Add text 'loading...' right after clicking on the submit button. \r\n        $('#response').text('Processing'); \r\n         \r\n        var form = $(this);\r\n        $.ajax({\r\n            url: form.attr('action'),\r\n            method: form.attr('method'),\r\n            data: form.serialize(),\r\n            success: function(result){\r\n                if (result == 'success'){\r\n                    $('#response').text('Thank You for subscribing!');  \r\n                }else {\r\n                    $('#response').text(result);\r\n                }\r\n            }\r\n        });\r\n         \r\n        \/\/ Prevents default submission of the form after clicking on the submit button. \r\n        return false;   \r\n    });\r\n});\r\n})(jQuery);\r\n\r\n<\/script>\r\n<form id=\"custom-post-type\" name=\"custom-post-type\" class='tss_form'method=\"post\" action=\"https:\/\/justinleach.ca\/fr\/wp-content\/plugins\/testimonial-add-premium\/ts_front_form_data.php\">\r\n \r\n<p><label for=\"title\">Name<\/label><br \/>\r\n \r\n<input type=\"text\" id=\"title\" value=\"\" tabindex=\"1\" size=\"20\" name=\"title\"  \/>\r\n \r\n<\/p>\r\n\r\n<p><label for=\"tss_occupation\">Occupation<\/label><br \/>\r\n \r\n<input type=\"text\" id=\"tss_occupation\" value=\"\" tabindex=\"1\" name=\"tss_occupation\"  \/>\r\n \r\n<\/p>\r\n\r\n<p><label for=\"tss_image_input\">Image URL<\/label><br \/>\r\n \r\n<input type=\"url\" id=\"tss_image_input\" value=\"\" tabindex=\"1\" name=\"tss_image_input\" \/>\r\n \r\n<\/p>\r\n \r\n<p><label for=\"tss_testimonial\">Testimonial<\/label><br \/>\r\n \r\n<textarea id=\"tss_testimonial\" style=\"width:50%; height:15%;\" tabindex=\"3\" name=\"tss_testimonial\"  ><\/textarea>\r\n \r\n<\/p> \r\n\r\n<p align=\"right\"><input type=\"submit\" value=\"Publish\" tabindex=\"6\" id=\"submit\" name=\"submit\" \/><\/p>\r\n \r\n \r\n<\/form>\r\n<p id=\"response\"><\/p>\r\n<\/div>\n<\/div>\n<p>[\/vc_column_text][\/vc_column_inner][vc_column_inner width=\u00a0\u00bb1\/2&Prime;][vc_column_text]\n<style>\n.wsowl-pagination{\n}\n.wsowl-buttons{\n  color:}\n\n.wsowl-buttons {\n  margin-top: -10px !important;\n}\n\n\n<\/style>\n\n\n\n<div id=\"mpsp_wrapper\" style= \"padding:10px;border-radius:5px; width:;      \">\n\n\n\n<style type=\"text\/css\">\n  #tss_warppper{\n    background: ;\n    margin: 0 auto;\n    padding: 20px;\n    display: inline-block;\n  }\n  #ts_img{\n    text-align: center;\n    display: initial !important;\n  }\n  #tss_content{\n    background: ;\n    text-align: center;\n  }\n\n  #tss_image{\n    text-align: center;\n    width: 100px;\n    height: 100px;\n    display: initial !important;\n    border-radius:100px;\n    \n  }\n\n  .tss_p{\n    font-weight:normal;\n    color: ;\n  }\n  #tss_name{\n    font-weight: bold;\n    font-size: 19px;\n    margin-top: 5px;\n    text-align: center;\n  }\n\n  #tss_occupation{\n    font-style: italic;\n    margin-top: -8px;\n    text-align: center;\n\n  }\n\n  #tss_testimonial span{\n    font-size: 35px;\n    font-weight:bold;\n    color: ;\n  }\n  #tss_testimonial{\n    text-align: left;\n    font-size: 18px;\n  }\n  <\/style>\n\n  \n             \n              <div id=\"tss_id192\" class=\"wsowl-carousel\"  style='text-align:center;'>\n                \n          \n\n               \n            <\/div>\n\n          <\/div>\n\n<script>\n\njQuery(document).ready(function() {\n          \n \n  jQuery(\"#tss_id192\").wsowlCarousel({\n    items :1,\n    singleItem: true,\n    autoPlay : true,\n    stopOnHover : true,\n    navigation: true,\n    paginationSpeed : 300,\n    goToFirstSpeed : 300,\n    singleItem : false,\n    autoHeight : true,\n    slideSpeed : 3000,\n    transitionStyle: 'fade',\n    pagination : false,\n    paginationNumbers :false,\n    navigationText : [\"<b><<\/b>\", \"<b>><\/b>\"],\n\n  });\n});\n\n<\/script>[\/vc_column_text][\/vc_column_inner][\/vc_row_inner][\/vc_tta_section][\/vc_tta_tabs][\/vc_column][\/vc_row][vc_row gap=\u00a0\u00bb30&Prime; css=\u00a0\u00bb.vc_custom_1718108092066{margin-top: 3em !important;}\u00a0\u00bb][vc_column width=\u00a0\u00bb1\/2&Prime;][vc_custom_heading text=\u00a0\u00bbVente de votre maison\u00a0\u00bb font_container=\u00a0\u00bbtag:h2|font_size:2.6em|text_align:left|color:%23e2e2e2&Prime; use_theme_fonts=\u00a0\u00bbyes\u00a0\u00bb el_id=\u00a0\u00bbf600&Prime;][vc_column_text el_id=\u00a0\u00bbtxt-just\u00a0\u00bb]La d\u00e9cision est prise de vendre votre r\u00e9sidence ? Communiquez directement avec Justin Leach. Il vous offrira une \u00e9valuation GRATUITE, honn\u00eate et rapide de la valeur r\u00e9elle de votre maison sur le march\u00e9 immobilier actuel. Son expertise en marketing jumel\u00e9 au r\u00e9seau \u00e9largi de Groupe Sutton &#8211; Distinction inc., satisferont vos attentes. Une base de donn\u00e9es clients en pleine croissance et une pr\u00e9sence importante en ligne sont autant d\u2019\u00e9l\u00e9ments qui permettent \u00e0 Justin d\u2019affiner et de cibler des acheteurs s\u00e9rieux qui cadrent parfaitement \u00e0 votre inscription. Justin b\u00e9n\u00e9ficie ainsi d\u2019un large \u00e9ventail d\u2019inscriptions d\u2019une qualit\u00e9 exceptionnelle.[\/vc_column_text][\/vc_column][vc_column width=\u00a0\u00bb1\/2&Prime;][vc_custom_heading text=\u00a0\u00bbAchat d\u2019une maison\u00a0\u00bb font_container=\u00a0\u00bbtag:h2|font_size:2.6em|text_align:right|color:%23e2e2e2&Prime; use_theme_fonts=\u00a0\u00bbyes\u00a0\u00bb el_id=\u00a0\u00bbf600&Prime;][vc_column_text el_id=\u00a0\u00bbtxt-just\u00a0\u00bb]Que vous soyez l\u2019acheteur d\u2019une premi\u00e8re r\u00e9sidence ou un habitu\u00e9 du march\u00e9, l\u2019achat d\u2019une propri\u00e9t\u00e9 immobili\u00e8re constitue une \u00e9tape importante de votre vie. Justin vous aidera \u00e0 trouver non seulement une maison, mais un endroit que vous appellerez votre chez-soi. Il d\u00e9nichera un espace de vie qui r\u00e9pondra \u00e0 vos exigences et qui collera \u00e0 vos crit\u00e8res esth\u00e9tiques ainsi qu&rsquo;\u00e0 votre style de vie. Que vous recherchiez un immeuble en copropri\u00e9t\u00e9 divise (condominium) en plein c\u0153ur de Montr\u00e9al, une propri\u00e9t\u00e9 prestigieuse \u00e0 Kirkland ou un site en surplomb du canal Lachine \u00e0 Griffintown, Justin se concentrera sur vos priorit\u00e9s d\u2019achat. D\u00e8s que vous serez pr\u00eat(e) \u00e0 passer \u00e0 l\u2019action, il entreprendra le processus de n\u00e9gociation afin d\u2019obtenir un prix qui vous conviendra.[\/vc_column_text][\/vc_column][\/vc_row][vc_row css=\u00a0\u00bb.vc_custom_1621604620631{margin-top: 3em !important;}\u00a0\u00bb][vc_column][vc_custom_heading text=\u00a0\u00bbgroupe sutton &#8211; distinction inc.\u00a0\u00bb font_container=\u00a0\u00bbtag:h2|font_size:2.6em|text_align:left|color:%23e2e2e2&Prime; use_theme_fonts=\u00a0\u00bbyes\u00a0\u00bb el_id=\u00a0\u00bbf600&Prime;][\/vc_column][\/vc_row][vc_row el_id=\u00a0\u00bbcontact-section\u00a0\u00bb][vc_column][vc_gmaps link=\u00a0\u00bb#E-8_JTNDaWZyYW1lJTIwc3JjJTNEJTIyaHR0cHMlM0ElMkYlMkZ3d3cuZ29vZ2xlLmNvbSUyRm1hcHMlMkZlbWJlZCUzRnBiJTNEJTIxMW0xOCUyMTFtMTIlMjExbTMlMjExZDI4MDAuNzUwNDIxMTkzMzk3NCUyMTJkLTc0LjAyNjgwMjM4NDQ0NDIxJTIxM2Q0NS40MTQzNzIxNzkxMDA0NiUyMTJtMyUyMTFmMCUyMTJmMCUyMTNmMCUyMTNtMiUyMTFpMTAyNCUyMTJpNzY4JTIxNGYxMy4xJTIxM20zJTIxMW0yJTIxMXMweDRjYzkzNzVmNDIzOTI5MGIlMjUzQTB4MjA0NmJmYTYzMzExYjEwNSUyMTJzSnVzdGluJTI1MjBMZWFjaCUyNTIwSW5jLiUyMTVlMCUyMTNtMiUyMTFzZW4lMjEyc3JvJTIxNHYxNjIzODQ4NTM0MzExJTIxNW0yJTIxMXNlbiUyMTJzcm8lMjIlMjB3aWR0aCUzRCUyMmF1dG8lMjIlMjBoZWlnaHQlM0QlMjI1MDAlMjIlMjBzdHlsZSUzRCUyMmJvcmRlciUzQTAlM0IlMjIlMjBhbGxvd2Z1bGxzY3JlZW4lM0QlMjIlMjIlMjBsb2FkaW5nJTNEJTIybGF6eSUyMiUzRSUzQyUyRmlmcmFtZSUzRQ==\u00a0\u00bb][\/vc_column][\/vc_row][vc_row][vc_column width=\u00a0\u00bb1\/3&Prime;][vc_column_text css=\u00a0\u00bb\u00a0\u00bb el_id=\u00a0\u00bbjl-white\u00a0\u00bb]16985 Trans-Canada Hwy, Kirkland, Quebec, H9H5J1[\/vc_column_text][\/vc_column][vc_column width=\u00a0\u00bb1\/3&Prime;][vc_column_text css=\u00a0\u00bb\u00a0\u00bb el_id=\u00a0\u00bbjl-white\u00a0\u00bb]<a href=\"tel:5145881765\">mobile: (514) 588-1765<br \/>\n<\/a><a href=\"tel:5144264545\">bureau: (514) 425-4545<br \/>\n<\/a><a href=\"mailto:justin@justinleach.ca\">courriel: justin@justinleach.ca<\/a>[\/vc_column_text][\/vc_column][vc_column width=\u00a0\u00bb1\/3&Prime;][\/vc_column][\/vc_row]<\/p>\n<\/div>","protected":false},"excerpt":{"rendered":"<p>[vc_row full_width=\u00a0\u00bbstretch_row_content\u00a0\u00bb][vc_column][vc_single_image image=\u00a0\u00bb403&Prime; img_size=\u00a0\u00bbfull\u00a0\u00bb alignment=\u00a0\u00bbcenter\u00a0\u00bb][\/vc_column][\/vc_row][vc_row content_placement=\u00a0\u00bbmiddle\u00a0\u00bb el_class=\u00a0\u00bbsocial-contact\u00a0\u00bb][vc_column width=\u00a0\u00bb1\/2&Prime;][vc_column_text css=\u00a0\u00bb.vc_custom_1624022359916{margin-bottom: 0px !important;}\u00a0\u00bb]Me joindre sur les r\u00e9seaux sociaux :[\/vc_column_text][\/vc_column][vc_column width=\u00a0\u00bb1\/2&Prime; el_id=\u00a0\u00bbsocial-section\u00a0\u00bb css=\u00a0\u00bb.vc_custom_1621596536140{padding-top: 15px !important;}\u00a0\u00bb][vc_icon icon_fontawesome=\u00a0\u00bbfab fa-facebook-square\u00a0\u00bb color=\u00a0\u00bbcustom\u00a0\u00bb size=\u00a0\u00bblg\u00a0\u00bb css=\u00a0\u00bb.vc_custom_1637930206931{margin-bottom: 0px !important;}\u00a0\u00bb custom_color=\u00a0\u00bb#e2e2e2&Prime; link=\u00a0\u00bburl:https%3A%2F%2Fwww.facebook.com%2FJustinLeachMontreal|target:_blank|rel:nofollow\u00a0\u00bb el_id=\u00a0\u00bbrw-social-icon\u00a0\u00bb][vc_icon icon_fontawesome=\u00a0\u00bbfab fa-linkedin\u00a0\u00bb color=\u00a0\u00bbcustom\u00a0\u00bb size=\u00a0\u00bblg\u00a0\u00bb css=\u00a0\u00bb.vc_custom_1623848857752{margin-bottom: 0px !important;}\u00a0\u00bb custom_color=\u00a0\u00bb#e2e2e2&Prime; link=\u00a0\u00bburl:%23|target:_blank|rel:nofollow\u00a0\u00bb el_id=\u00a0\u00bbrw-social-icon\u00a0\u00bb][vc_icon icon_fontawesome=\u00a0\u00bbfab fa-instagram\u00a0\u00bb color=\u00a0\u00bbcustom\u00a0\u00bb size=\u00a0\u00bblg\u00a0\u00bb css=\u00a0\u00bb.vc_custom_1623848866174{margin-bottom: 0px !important;}\u00a0\u00bb custom_color=\u00a0\u00bb#e2e2e2&Prime; link=\u00a0\u00bburl:https%3A%2F%2Fwww.instagram.com%2Fjustinleach_realtor%2F|target:_blank|rel:nofollow\u00a0\u00bb el_id=\u00a0\u00bbrw-social-icon\u00a0\u00bb][vc_icon icon_fontawesome=\u00a0\u00bbfab fa-google\u00a0\u00bb color=\u00a0\u00bbcustom\u00a0\u00bb &#8230; <a title=\"Home\" class=\"read-more\" href=\"https:\/\/justinleach.ca\/fr\/\" aria-label=\"Read more about Home\">Continuer la lecture<\/a><\/p>\n","protected":false},"author":1,"featured_media":0,"parent":0,"menu_order":0,"comment_status":"closed","ping_status":"closed","template":"","meta":{"footnotes":""},"class_list":["post-13","page","type-page","status-publish"],"_links":{"self":[{"href":"https:\/\/justinleach.ca\/fr\/wp-json\/wp\/v2\/pages\/13","targetHints":{"allow":["GET"]}}],"collection":[{"href":"https:\/\/justinleach.ca\/fr\/wp-json\/wp\/v2\/pages"}],"about":[{"href":"https:\/\/justinleach.ca\/fr\/wp-json\/wp\/v2\/types\/page"}],"author":[{"embeddable":true,"href":"https:\/\/justinleach.ca\/fr\/wp-json\/wp\/v2\/users\/1"}],"replies":[{"embeddable":true,"href":"https:\/\/justinleach.ca\/fr\/wp-json\/wp\/v2\/comments?post=13"}],"version-history":[{"count":33,"href":"https:\/\/justinleach.ca\/fr\/wp-json\/wp\/v2\/pages\/13\/revisions"}],"predecessor-version":[{"id":436,"href":"https:\/\/justinleach.ca\/fr\/wp-json\/wp\/v2\/pages\/13\/revisions\/436"}],"wp:attachment":[{"href":"https:\/\/justinleach.ca\/fr\/wp-json\/wp\/v2\/media?parent=13"}],"curies":[{"name":"wp","href":"https:\/\/api.w.org\/{rel}","templated":true}]}}